{"id":14468,"date":"2014-03-28T10:11:36","date_gmt":"2014-03-28T10:11:36","guid":{"rendered":"http:\/\/demo.qodeinteractive.com\/bridge\/?page_id=14468"},"modified":"2020-06-22T17:17:43","modified_gmt":"2020-06-22T15:17:43","slug":"home","status":"publish","type":"page","link":"https:\/\/moohzaik.com\/","title":{"rendered":"Home 1"},"content":{"rendered":"<p>[vc_row css_animation=&#8221;&#8221; row_type=&#8221;row&#8221; use_row_as_full_screen_section=&#8221;no&#8221; type=&#8221;grid&#8221; angled_section=&#8221;no&#8221; text_align=&#8221;left&#8221; background_image_as_pattern=&#8221;without_pattern&#8221; background_color=&#8221;#ffffff&#8221; padding_top=&#8221;87&#8243; padding_bottom=&#8221;34&#8243;][vc_column][vc_column_text]<\/p>\n<h2 id=\"readmore\" style=\"text-align: center;\">OPEN YOUR BRAND TO ALL CONSUMERS<\/h2>\n<p>[\/vc_column_text][vc_separator type=&#8221;small&#8221; position=&#8221;center&#8221; up=&#8221;7&#8243; down=&#8221;38&#8243;][vc_column_text]<\/p>\n<p style=\"text-align: center;\"><i>\u2018<\/i><i>To adopt ethnic marketing is to consider <\/i><i>that nowadays there is a parallel market <\/i><i>to the main market i.e. a community market.&nbsp; <\/i><i>It is to accept the existence of a society <\/i><i>composed by an aggregate of communities that <\/i><i>stand out by their consuming habits, their <\/i><i>lifestyles, their languages, their dress <\/i><i>codes, their hobbies. It is to admit that <\/i><i>each ethnic group (gr. Ethnos, people) has <\/i><i>a particular way of consuming and it is to c<\/i><i>apitalise on that fact to launch products, <\/i><i>campaigns reflecting their expectations and <\/i><i>their needs.<\/i><\/p>\n<p>[\/vc_column_text][vc_separator type=&#8221;transparent&#8221; up=&#8221;35&#8243; down=&#8221;22&#8243;][vc_single_image image=&#8221;14772&#8243; img_size=&#8221;full&#8221; alignment=&#8221;center&#8221; qode_css_animation=&#8221;element_from_bottom&#8221; transition_delay=&#8221;0.3&#8243;][vc_separator type=&#8221;transparent&#8221; up=&#8221;-35&#8243; down=&#8221;0&#8243;][\/vc_column][\/vc_row][vc_row css_animation=&#8221;&#8221; row_type=&#8221;row&#8221; use_row_as_full_screen_section=&#8221;no&#8221; type=&#8221;grid&#8221; anchor=&#8221;portfolio&#8221; angled_section=&#8221;no&#8221; text_align=&#8221;left&#8221; background_image_as_pattern=&#8221;without_pattern&#8221; padding_top=&#8221;52&#8243; padding_bottom=&#8221;0&#8243;][vc_column][vc_column_text]<\/p>\n<h2 style=\"text-align: center;\"><strong><span style=\"color: #ffffff;\">PROXIMITY &amp; SELECTIVITY<\/span><\/strong><\/h2>\n<h2 style=\"text-align: center;\"><strong><span style=\"color: #ffffff;\">&nbsp;<\/span><\/strong><\/h2>\n<p>[\/vc_column_text][vc_column_text]<\/p>\n<h2 style=\"text-align: center;\"><strong><span style=\"color: #ffffff;\">&nbsp;<\/span><\/strong><\/h2>\n<p>[\/vc_column_text][\/vc_column][\/vc_row][vc_row css_animation=&#8221;&#8221; row_type=&#8221;row&#8221; use_row_as_full_screen_section=&#8221;no&#8221; type=&#8221;full_width&#8221; anchor=&#8221;gallery&#8221; angled_section=&#8221;no&#8221; text_align=&#8221;left&#8221; background_image_as_pattern=&#8221;without_pattern&#8221;][vc_column][vc_gallery type=&#8221;image_grid&#8221; images=&#8221;14845,14846,14847,14848,14849,14850,14851,14853&#8243; img_size=&#8221;600&#215;600&#8243; column_number=&#8221;4&#8243; grayscale=&#8221;yes&#8221; images_space=&#8221;gallery_without_space&#8221;][\/vc_column][\/vc_row][vc_row css_animation=&#8221;&#8221; row_type=&#8221;row&#8221; use_row_as_full_screen_section=&#8221;no&#8221; type=&#8221;grid&#8221; angled_section=&#8221;no&#8221; text_align=&#8221;left&#8221; background_image_as_pattern=&#8221;without_pattern&#8221; padding_top=&#8221;54&#8243; padding_bottom=&#8221;58&#8243;][vc_column][vc_column_text]<\/p>\n<h2 style=\"text-align: center;\"><strong><span style=\"color: #ffffff;\">EXPAND YOUR MARKET!<\/span><\/strong><\/h2>\n<p>[\/vc_column_text][\/vc_column][\/vc_row][vc_row css_animation=&#8221;&#8221; row_type=&#8221;row&#8221; use_row_as_full_screen_section=&#8221;no&#8221; type=&#8221;grid&#8221; angled_section=&#8221;no&#8221; text_align=&#8221;left&#8221; background_image_as_pattern=&#8221;without_pattern&#8221; background_color=&#8221;#ffffff&#8221; padding_top=&#8221;87&#8243; padding_bottom=&#8221;34&#8243;][vc_column][vc_row_inner row_type=&#8221;row&#8221; type=&#8221;full_width&#8221; text_align=&#8221;left&#8221; css_animation=&#8221;&#8221;][vc_column_inner width=&#8221;1\/3&#8243;]<div class='q_icon_with_title medium normal_icon'><div class=\"icon_holder q_icon_animation\" style=\" transition-delay: 100ms; -webkit-transition-delay: 100ms; -moz-transition-delay: 100ms; -o-transition-delay: 100ms;\"><span data-icon-type=\"normal\"   style=\"font-size: 38px;\" class=\"qode_iwt_icon_holder q_font_awsome_icon fa-3x \"><i class=\"qode_icon_font_awesome fa fa-users qode_iwt_icon_element\" style=\"color: #c0c0c0;\" ><\/i><\/span><\/div><div class=\"icon_text_holder\" style=\"\"><div class=\"icon_text_inner\" style=\"\"><h5 class=\"icon_title\" style=\"\">MOOHZAIK NETWORK<\/h5><p style=''>Make it real and request your OOH campaign quotation. It will strenghthen your media mix and develop your business<\/p><\/div><\/div><\/div>[vc_separator type=&#8221;transparent&#8221; up=&#8221;26&#8243; down=&#8221;0&#8243;][vc_separator type=&#8221;transparent&#8221; up=&#8221;26&#8243; down=&#8221;0&#8243;][\/vc_column_inner][vc_column_inner width=&#8221;1\/3&#8243;]<div class='q_icon_with_title medium normal_icon'><div class=\"icon_holder q_icon_animation\" style=\" transition-delay: 200ms; -webkit-transition-delay: 200ms; -moz-transition-delay: 200ms; -o-transition-delay: 200ms;\"><span data-icon-type=\"normal\"   style=\"font-size: 38px;\" class=\"qode_iwt_icon_holder q_font_awsome_icon fa-3x \"><i class=\"qode_icon_font_awesome fa fa-calendar qode_iwt_icon_element\" style=\"color: #c0c0c0;\" ><\/i><\/span><\/div><div class=\"icon_text_holder\" style=\"\"><div class=\"icon_text_inner\" style=\"\"><h5 class=\"icon_title\" style=\"\">STRATEGIC PLANNING<\/h5><p style=''>We also back-up your multi-channel media campaigns in Belgium and The Netherlands. Proximity and selectivity are the key words!<\/p><\/div><\/div><\/div>[vc_separator type=&#8221;transparent&#8221; up=&#8221;26&#8243; down=&#8221;0&#8243;][\/vc_column_inner][vc_column_inner width=&#8221;1\/3&#8243;]<div class='q_icon_with_title medium normal_icon'><div class=\"icon_holder q_icon_animation\" style=\" transition-delay: 300ms; -webkit-transition-delay: 300ms; -moz-transition-delay: 300ms; -o-transition-delay: 300ms;\"><span data-icon-type=\"normal\"   style=\"font-size: 38px;\" class=\"qode_iwt_icon_holder q_font_awsome_icon fa-3x \"><i class=\"qode_icon_font_awesome fa fa-bus qode_iwt_icon_element\" style=\"color: #c0c0c0;\" ><\/i><\/span><\/div><div class=\"icon_text_holder\" style=\"\"><div class=\"icon_text_inner\" style=\"\"><h5 class=\"icon_title\" style=\"\">EXTRA OOH SOLUTIONS<\/h5><p style=''>We propose also international advertising solutions like our buses network to Morroco for example. Request your quotation now!<\/p><\/div><\/div><\/div>[vc_separator type=&#8221;transparent&#8221; up=&#8221;26&#8243; down=&#8221;0&#8243;][\/vc_column_inner][\/vc_row_inner][vc_row_inner row_type=&#8221;row&#8221; type=&#8221;full_width&#8221; text_align=&#8221;left&#8221; css_animation=&#8221;&#8221;][vc_column_inner width=&#8221;1\/3&#8243;]<div class='q_icon_with_title medium normal_icon'><div class=\"icon_holder q_icon_animation\" style=\" transition-delay: 400ms; -webkit-transition-delay: 400ms; -moz-transition-delay: 400ms; -o-transition-delay: 400ms;\"><span data-icon-type=\"normal\"   style=\"font-size: 38px;\" class=\"qode_iwt_icon_holder q_font_awsome_icon fa-3x \"><i class=\"qode_icon_font_awesome fa fa-shopping-cart qode_iwt_icon_element\" style=\"color: #c0c0c0;\" ><\/i><\/span><\/div><div class=\"icon_text_holder\" style=\"\"><div class=\"icon_text_inner\" style=\"\"><h5 class=\"icon_title\" style=\"\">PROXIMITY POS<\/h5><p style=''>Sale activation of your product &amp; services portfolio in the proximity POS. We cover the TOP 1000 night &amp; day shops of Belgium.<\/p><\/div><\/div><\/div>[vc_separator type=&#8221;transparent&#8221; up=&#8221;26&#8243; down=&#8221;0&#8243;][\/vc_column_inner][vc_column_inner width=&#8221;1\/3&#8243;]<div class='q_icon_with_title medium normal_icon'><div class=\"icon_holder q_icon_animation\" style=\" transition-delay: 500ms; -webkit-transition-delay: 500ms; -moz-transition-delay: 500ms; -o-transition-delay: 500ms;\"><span data-icon-type=\"normal\"   style=\"font-size: 38px;\" class=\"qode_iwt_icon_holder q_font_awsome_icon fa-3x \"><i class=\"qode_icon_font_awesome fa fa-mobile qode_iwt_icon_element\" style=\"color: #c0c0c0;\" ><\/i><\/span><\/div><div class=\"icon_text_holder\" style=\"\"><div class=\"icon_text_inner\" style=\"\"><h5 class=\"icon_title\" style=\"\">DIGITAL EXPERTISE<\/h5><p style=''>We sustain your digital marketing efforts towards foreign born target groups. Digital branding is also one of our main expertise.<\/p><\/div><\/div><\/div>[vc_separator type=&#8221;transparent&#8221; up=&#8221;26&#8243; down=&#8221;0&#8243;][\/vc_column_inner][vc_column_inner width=&#8221;1\/3&#8243;]<div class='q_icon_with_title medium normal_icon'><div class=\"icon_holder q_icon_animation\" style=\" transition-delay: 600ms; -webkit-transition-delay: 600ms; -moz-transition-delay: 600ms; -o-transition-delay: 600ms;\"><span data-icon-type=\"normal\"   style=\"font-size: 38px;\" class=\"qode_iwt_icon_holder q_font_awsome_icon fa-3x \"><i class=\"qode_icon_font_awesome fa fa-stethoscope qode_iwt_icon_element\" style=\"color: #c0c0c0;\" ><\/i><\/span><\/div><div class=\"icon_text_holder\" style=\"\"><div class=\"icon_text_inner\" style=\"\"><h5 class=\"icon_title\" style=\"\">COMMERCIAL CONSULTING<\/h5><p style=''>We also provide marketing &amp; sales counseling on your commercial strategy and brand management.<\/p><\/div><\/div><\/div>[vc_separator type=&#8221;transparent&#8221; up=&#8221;26&#8243; down=&#8221;0&#8243;][\/vc_column_inner][\/vc_row_inner][vc_row_inner row_type=&#8221;row&#8221; type=&#8221;full_width&#8221; text_align=&#8221;left&#8221; css_animation=&#8221;&#8221;][vc_column_inner width=&#8221;1\/3&#8243;][vc_separator type=&#8221;transparent&#8221; up=&#8221;26&#8243; down=&#8221;0&#8243;][\/vc_column_inner][vc_column_inner width=&#8221;1\/3&#8243;][vc_separator type=&#8221;transparent&#8221; up=&#8221;26&#8243; down=&#8221;0&#8243;][\/vc_column_inner][vc_column_inner width=&#8221;1\/3&#8243;][vc_separator type=&#8221;transparent&#8221; up=&#8221;26&#8243; down=&#8221;11&#8243;][\/vc_column_inner][\/vc_row_inner][\/vc_column][\/vc_row][vc_row row_type=&#8221;parallax&#8221; parallax_content_width=&#8221;in_grid&#8221; anchor=&#8221;counters&#8221; text_align=&#8221;left&#8221; background_image=&#8221;14733&#8243; full_screen_section_height=&#8221;no&#8221; section_height=&#8221;560&#8243;][vc_column][vc_separator type=&#8221;transparent&#8221; up=&#8221;145&#8243; down=&#8221;52&#8243;][vc_row_inner row_type=&#8221;row&#8221; type=&#8221;full_width&#8221; text_align=&#8221;left&#8221; css_animation=&#8221;&#8221;][vc_column_inner width=&#8221;1\/4&#8243;]<div class=\"q_counter_holder  center\" style=\"\"><span class=\"counter  zero\" style=\"color: #303030;font-size: 32px;\">140<\/span><span class=\"separator small\" style=\"background-color: #303030;\"><\/span><p class=\"counter_text\" style=\"color: #303030;\">NATIONALITIES IN BELGIUM<\/p><\/div>[vc_separator type=&#8221;transparent&#8221; up=&#8221;60&#8243; down=&#8221;2&#8243;][\/vc_column_inner][vc_column_inner width=&#8221;1\/4&#8243;]<div class=\"q_counter_holder  center\" style=\"\"><span class=\"counter  random\" style=\"color: #303030;font-size: 32px;\">1255270<\/span><span class=\"separator small\" style=\"background-color: #303030;\"><\/span><p class=\"counter_text\" style=\"color: #303030;\">FOREIGN BORNS CITIZENS<\/p><\/div>[vc_separator type=&#8221;transparent&#8221; up=&#8221;60&#8243; down=&#8221;2&#8243;][\/vc_column_inner][vc_column_inner width=&#8221;1\/4&#8243;]<div class=\"q_counter_holder  center\" style=\"\"><span class=\"counter  zero\" style=\"color: #303030;font-size: 32px;\">950989<\/span><span class=\"separator small\" style=\"background-color: #303030;\"><\/span><p class=\"counter_text\" style=\"color: #303030;\">NATURALIZED CITIZENS<\/p><\/div>[vc_separator type=&#8221;transparent&#8221; up=&#8221;60&#8243; down=&#8221;2&#8243;][\/vc_column_inner][vc_column_inner width=&#8221;1\/4&#8243;]<div class=\"q_counter_holder  center\" style=\"\"><span class=\"counter  random\" style=\"color: #303030;font-size: 32px;\">781887<\/span><span class=\"separator small\" style=\"background-color: #303030;\"><\/span><p class=\"counter_text\" style=\"color: #303030;\">MUSLIM CITIZENS<\/p><\/div>[vc_separator type=&#8221;transparent&#8221; up=&#8221;60&#8243; down=&#8221;2&#8243;][\/vc_column_inner][\/vc_row_inner][\/vc_column][\/vc_row][vc_row css_animation=&#8221;&#8221; row_type=&#8221;row&#8221; use_row_as_full_screen_section=&#8221;no&#8221; type=&#8221;grid&#8221; angled_section=&#8221;no&#8221; text_align=&#8221;left&#8221; background_image_as_pattern=&#8221;without_pattern&#8221; background_color=&#8221;#ffffff&#8221; padding_top=&#8221;77&#8243; padding_bottom=&#8221;48&#8243;][vc_column width=&#8221;1\/3&#8243;][vc_row_inner row_type=&#8221;row&#8221; type=&#8221;full_width&#8221; text_align=&#8221;right&#8221; css_animation=&#8221;&#8221;][vc_column_inner][vc_single_image image=&#8221;14814&#8243; img_size=&#8221;full&#8221; alignment=&#8221;center&#8221; qode_css_animation=&#8221;element_from_left&#8221; transition_delay=&#8221;0.3&#8243;][vc_separator type=&#8221;transparent&#8221; up=&#8221;21&#8243; down=&#8221;0&#8243;][\/vc_column_inner][\/vc_row_inner][\/vc_column][vc_column width=&#8221;2\/3&#8243;][vc_separator type=&#8221;transparent&#8221; up=&#8221;12&#8243; down=&#8221;0&#8243;][vc_column_text]<\/p>\n<h2 style=\"text-align: center;\"><strong>JOIN OUR SALES &amp; ADVERTISING PLATFORM!<\/strong><\/h2>\n<p>[\/vc_column_text][vc_separator type=&#8221;small&#8221; position=&#8221;center&#8221; up=&#8221;7&#8243; down=&#8221;38&#8243;][vc_column_text]Are you a shop owner and wish to join our network? Are you already a Partner and wish to receive your business incentive? Feel free to contact us and to request an appointment through the contact form. Please don&#8217;t forget to communicate your shop address and your email or contact number!<\/p>\n<p>.[\/vc_column_text]<a  itemprop=\"url\" href=\"http:\/\/moohzaik.com\/?page_id=1452\" target=\"_self\" data-hover-background-color=#e51414 data-hover-border-color=#e51414 data-hover-color=#ffffff class=\"qbutton  default\" style=\"color: #ffffff; border-color: #ffffff; background-color: #b1b279;\">Join us<\/a>[vc_separator type=&#8221;transparent&#8221; up=&#8221;41&#8243; down=&#8221;0&#8243;][vc_separator type=&#8221;transparent&#8221; up=&#8221;59&#8243; down=&#8221;0&#8243;][\/vc_column][\/vc_row]<\/p>\n\n\n<p class=\"has-text-color has-background has-text-align-center has-small-font-size has-very-light-gray-color has-very-dark-gray-background-color\">PROTECTION DES DONN\u00c9ES<br><br>Informations g\u00e9n\u00e9rales :<br>HOMERUN est le responsable du traitement des donn\u00e9es personnelles collect\u00e9es aupr\u00e8s de ses clients, des partenaires du r\u00e9seau d\u2019affichage, des fournisseurs et des prestataires.<br><br>HOMERUN garantit le respect des donn\u00e9es personnelles et se conforme strictement au R\u00e8glement (UE) 2016\/679 du Parlement europ\u00e9en et du conseil du 27 avril 2016 relatif \u00e0 la protection des personnes physiques \u00e0 l&#8217;\u00e9gard du traitement des donn\u00e9es \u00e0 caract\u00e8re personnel et \u00e0 la libre circulation de ces donn\u00e9es, et abrogeant la directive 95\/46\/CE.<br><br>Les donn\u00e9es sont collect\u00e9es sur base du consentement (opt in) et pour les besoins contractuels entre les parties. Le consentement peut \u00eatre retir\u00e9 \u00e0 tout moment sur simple demande sauf les cas o\u00f9 HOMERUN a besoin des donn\u00e9es concern\u00e9es pour la bonne ex\u00e9cution du contrat ou pour remplir ses obligations l\u00e9gales.<br><br>Conform\u00e9ment \u00e0 la r\u00e9glementation en vigueur, en tant que personne physique, la personne concern\u00e9e a le droit d\u2019acc\u00e9der \u00e0 ses donn\u00e9es personnelles, de les corriger, d\u2019en demander la suppression, le droit de limiter leur traitement et de s\u2019opposer \u00e0 leur traitement \u00e0 des fins de marketing direct. La personne concern\u00e9e a \u00e9galement le droit \u00e0 la portabilit\u00e9 des donn\u00e9es, c\u2019est-\u00e0-dire qu\u2019elles soient communiqu\u00e9es dans un format structur\u00e9 courant. L\u2019exercice de ces droits est gratuit. Le cas \u00e9ch\u00e9ant, la personne concern\u00e9e peut nous adresser une demande afin d\u2019exercer l\u2019un ou l\u2019autre de ces droits ou nous signaler une difficult\u00e9 ou un probl\u00e8me qui concerne ses donn\u00e9es via l\u2019adresse suivante :<br><br>HOMERUN SPRL<br>415 Rue Engeland<br>B 1180 Uccle<br>Tel. : +32 2 201 01 75<br><br>Ou via le courriel suivant :<br>info@moohzaik.com <\/p>\n\n\n\n<p class=\"has-text-color has-background has-text-align-center has-small-font-size has-very-light-gray-color has-very-dark-gray-background-color\">La personne concern\u00e9e dispose \u00e9galement du droit d\u2019introduire une r\u00e9clamation aupr\u00e8s l\u2019Autorit\u00e9 de protection des donn\u00e9es (www.autoriteprotectiondonnees.be ).<br><br>HOMERUN ne met pas en \u0153uvre de d\u00e9cision individuelle automatis\u00e9e.<br><br>Conservation et responsable des donn\u00e9es.<br>Les donn\u00e9es personnelles collect\u00e9es ne seront conserv\u00e9es que pendant le temps n\u00e9cessaire pour rencontrer les finalit\u00e9s indiqu\u00e9es ou pour respecter les obligations l\u00e9gales d\u2019HOMERUN.<br><br>Dans les limites expos\u00e9es ci-dessus, HOMERUN est donc autoris\u00e9 \u00e0 conserver et \u00e0 traiter les donn\u00e9es personnelles de la personne concern\u00e9e.<\/p>\n","protected":false},"excerpt":{"rendered":"<p>[vc_row css_animation=&#8221;&#8221; row_type=&#8221;row&#8221; use_row_as_full_screen_section=&#8221;no&#8221; type=&#8221;grid&#8221; angled_section=&#8221;no&#8221; text_align=&#8221;left&#8221; background_image_as_pattern=&#8221;without_pattern&#8221; background_color=&#8221;#ffffff&#8221; padding_top=&#8221;87&#8243; padding_bottom=&#8221;34&#8243;][vc_column][vc_column_text] OPEN YOUR BRAND TO ALL CONSUMERS [\/vc_column_text][vc_separator type=&#8221;small&#8221; position=&#8221;center&#8221; up=&#8221;7&#8243; down=&#8221;38&#8243;][vc_column_text] \u2018To adopt ethnic marketing is to consider that nowadays there is a parallel market to the main market i.e. a community market.&nbsp; It&#8230;<\/p>\n","protected":false},"author":1,"featured_media":0,"parent":0,"menu_order":0,"comment_status":"open","ping_status":"open","template":"full_width.php","meta":{"footnotes":""},"_links":{"self":[{"href":"https:\/\/moohzaik.com\/index.php?rest_route=\/wp\/v2\/pages\/14468"}],"collection":[{"href":"https:\/\/moohzaik.com\/index.php?rest_route=\/wp\/v2\/pages"}],"about":[{"href":"https:\/\/moohzaik.com\/index.php?rest_route=\/wp\/v2\/types\/page"}],"author":[{"embeddable":true,"href":"https:\/\/moohzaik.com\/index.php?rest_route=\/wp\/v2\/users\/1"}],"replies":[{"embeddable":true,"href":"https:\/\/moohzaik.com\/index.php?rest_route=%2Fwp%2Fv2%2Fcomments&post=14468"}],"version-history":[{"count":70,"href":"https:\/\/moohzaik.com\/index.php?rest_route=\/wp\/v2\/pages\/14468\/revisions"}],"predecessor-version":[{"id":14863,"href":"https:\/\/moohzaik.com\/index.php?rest_route=\/wp\/v2\/pages\/14468\/revisions\/14863"}],"wp:attachment":[{"href":"https:\/\/moohzaik.com\/index.php?rest_route=%2Fwp%2Fv2%2Fmedia&parent=14468"}],"curies":[{"name":"wp","href":"https:\/\/api.w.org\/{rel}","templated":true}]}}